{"id":3839,"date":"2023-03-19T07:23:48","date_gmt":"2023-03-19T07:23:48","guid":{"rendered":"http:\/\/ponentia.eu\/about-us\/"},"modified":"2025-07-18T10:18:55","modified_gmt":"2025-07-18T10:18:55","slug":"about-us","status":"publish","type":"page","link":"https:\/\/ponentia.eu\/en\/sobre-nosotros\/","title":{"rendered":"Who we are"},"content":{"rendered":"\t\t<div data-elementor-type=\"wp-page\" data-elementor-id=\"3839\" class=\"elementor elementor-3839\" data-elementor-post-type=\"page\">\n\t\t\t\t\t\t<header class=\"elementor-section elementor-top-section elementor-element elementor-element-5fd9045 elementor-section-full_width elementor-section-height-min-height elementor-section-items-stretch elementor-section-content-middle elementor-reverse-tablet elementor-reverse-mobile elementor-section-height-default\" data-id=\"5fd9045\" data-element_type=\"section\" data-e-type=\"section\" data-settings=\"{&quot;background_background&quot;:&quot;gradient&quot;}\">\n\t\t\t\t\t\t<div class=\"elementor-container elementor-column-gap-default\">\n\t\t\t\t\t<div class=\"elementor-column elementor-col-50 elementor-top-column elementor-element elementor-element-7863706\" data-id=\"7863706\" data-element_type=\"column\" data-e-type=\"column\">\n\t\t\t<div class=\"elementor-widget-wrap elementor-element-populated\">\n\t\t\t\t\t\t<div class=\"elementor-element elementor-element-2ce8901 animated-fast elementor-widget__width-initial elementor-invisible elementor-widget elementor-widget-heading\" data-id=\"2ce8901\" data-element_type=\"widget\" data-e-type=\"widget\" data-settings=\"{&quot;_animation&quot;:&quot;fadeIn&quot;}\" data-widget_type=\"heading.default\">\n\t\t\t\t\t<h2 class=\"elementor-heading-title elementor-size-default\">\u00bfQui\u00e9nes somos?<\/h2>\t\t\t\t<\/div>\n\t\t\t\t<section class=\"elementor-section elementor-inner-section elementor-element elementor-element-a879aff elementor-section-boxed elementor-section-height-default elementor-section-height-default\" data-id=\"a879aff\" data-element_type=\"section\" data-e-type=\"section\">\n\t\t\t\t\t\t<div class=\"elementor-container elementor-column-gap-default\">\n\t\t\t\t\t<div class=\"elementor-column elementor-col-100 elementor-inner-column elementor-element elementor-element-10b4392\" data-id=\"10b4392\" data-element_type=\"column\" data-e-type=\"column\">\n\t\t\t<div class=\"elementor-widget-wrap elementor-element-populated\">\n\t\t\t\t\t\t<div class=\"elementor-element elementor-element-aca7c02 animated-fast elementor-widget__width-initial elementor-invisible elementor-widget elementor-widget-text-editor\" data-id=\"aca7c02\" data-element_type=\"widget\" data-e-type=\"widget\" data-settings=\"{&quot;_animation&quot;:&quot;fadeIn&quot;,&quot;_animation_delay&quot;:&quot;400&quot;}\" data-widget_type=\"text-editor.default\">\n\t\t\t\t\t\t\t\t\t<p><strong>Ponentia Logistics<\/strong>\u00a0nace con el objetivo de impulsar un nuevo modelo de desarrollo industrial y log\u00edstico en el noreste peninsular, conectando los ejes Atl\u00e1ntico y Mediterr\u00e1neo a trav\u00e9s de\u00a0infraestructuras intermodales modernas, eficientes y sostenibles.<\/p><p>Somos una empresa comprometida con el territorio y con la transformaci\u00f3n de la econom\u00eda productiva, que promueve la<strong>\u00a0Plataforma Log\u00edstica Intermodal \u201cPonentia \u2013 La Melusa\u201d<\/strong>, un proyecto estrat\u00e9gico ubicado en Tamarite de Litera (Huesca), en el coraz\u00f3n del Valle del Ebro.<\/p><p>Desarrollamos\u00a0suelo industrial y log\u00edstico de gran formato, con acceso directo a autov\u00eda, conexi\u00f3n ferroviaria y\u00a0suministro energ\u00e9tico garantizado para industrias electrointensivas, favoreciendo la implantaci\u00f3n de operadores con alta demanda energ\u00e9tica.<\/p><p>Nuestra misi\u00f3n es\u00a0atraer inversi\u00f3n, generar empleo y ofrecer soluciones reales a las necesidades del transporte, la industria y la econom\u00eda verde\u00a0en el sur de Europa. Apostamos por una log\u00edstica conectada, digitalizada y alineada con los retos de sostenibilidad y descarbonizaci\u00f3n del sector.<\/p><p>En Ponentia Logistics integramos en nuestros desarrollos criterios de eficiencia energ\u00e9tica y transici\u00f3n ecol\u00f3gica. Promovemos\u00a0el uso de energ\u00edas renovables, el autoconsumo industrial y la descarbonizaci\u00f3n de procesos log\u00edsticos e industriales, como pilares de una nueva generaci\u00f3n de infraestructuras productivas.<\/p><p>Adem\u00e1s de este primer desarrollo, ya trabajamos en la\u00a0planificaci\u00f3n y promoci\u00f3n de nuevos enclaves log\u00edsticos e industriales, con el objetivo de consolidar una\u00a0red de plataformas estrat\u00e9gicas\u00a0que refuercen la competitividad del tejido productivo y contribuyan a una econom\u00eda m\u00e1s sostenible, descentralizada y resiliente.<\/p>\t\t\t\t\t\t\t\t<\/div>\n\t\t\t\t\t<\/div>\n\t\t<\/div>\n\t\t\t\t\t<\/div>\n\t\t<\/section>\n\t\t\t\t\t<\/div>\n\t\t<\/div>\n\t\t\t\t<div class=\"elementor-column elementor-col-50 elementor-top-column elementor-element elementor-element-7c3f998\" data-id=\"7c3f998\" data-element_type=\"column\" data-e-type=\"column\">\n\t\t\t<div class=\"elementor-widget-wrap elementor-element-populated\">\n\t\t\t\t\t\t<div class=\"elementor-element elementor-element-daf9081 elementor-widget__width-initial elementor-widget elementor-widget-image\" data-id=\"daf9081\" data-element_type=\"widget\" data-e-type=\"widget\" data-settings=\"{&quot;motion_fx_motion_fx_scrolling&quot;:&quot;yes&quot;,&quot;motion_fx_opacity_effect&quot;:&quot;yes&quot;,&quot;motion_fx_opacity_range&quot;:{&quot;unit&quot;:&quot;%&quot;,&quot;size&quot;:&quot;&quot;,&quot;sizes&quot;:{&quot;start&quot;:&quot;0&quot;,&quot;end&quot;:&quot;40&quot;}},&quot;motion_fx_range&quot;:&quot;viewport&quot;,&quot;motion_fx_motion_fx_mouse&quot;:&quot;yes&quot;,&quot;_animation&quot;:&quot;none&quot;,&quot;motion_fx_opacity_direction&quot;:&quot;out-in&quot;,&quot;motion_fx_opacity_level&quot;:{&quot;unit&quot;:&quot;px&quot;,&quot;size&quot;:10,&quot;sizes&quot;:[]},&quot;motion_fx_devices&quot;:[&quot;desktop&quot;,&quot;tablet&quot;,&quot;mobile&quot;]}\" data-widget_type=\"image.default\">\n\t\t\t\t\t\t\t\t\t\t\t\t\t\t\t<img fetchpriority=\"high\" decoding=\"async\" width=\"1278\" height=\"1920\" src=\"https:\/\/ponentia.eu\/wp-content\/uploads\/2025\/07\/construction-worker-956496-scaled.webp\" class=\"attachment-full size-full wp-image-7195\" alt=\"\" srcset=\"https:\/\/ponentia.eu\/wp-content\/uploads\/2025\/07\/construction-worker-956496-scaled.webp 1278w, https:\/\/ponentia.eu\/wp-content\/uploads\/2025\/07\/construction-worker-956496-200x300.webp 200w, https:\/\/ponentia.eu\/wp-content\/uploads\/2025\/07\/construction-worker-956496-681x1024.webp 681w, https:\/\/ponentia.eu\/wp-content\/uploads\/2025\/07\/construction-worker-956496-768x1154.webp 768w, https:\/\/ponentia.eu\/wp-content\/uploads\/2025\/07\/construction-worker-956496-1022x1536.webp 1022w, https:\/\/ponentia.eu\/wp-content\/uploads\/2025\/07\/construction-worker-956496-8x12.webp 8w\" sizes=\"(max-width: 1278px) 100vw, 1278px\" \/>\t\t\t\t\t\t\t\t\t\t\t\t\t\t\t<\/div>\n\t\t\t\t\t<\/div>\n\t\t<\/div>\n\t\t\t\t\t<\/div>\n\t\t<\/header>\n\t\t\t\t<\/div>\n\t\t","protected":false},"excerpt":{"rendered":"<p>\u00bfQui\u00e9nes somos? Ponentia Logistics\u00a0nace con el objetivo de impulsar un nuevo modelo de desarrollo industrial y log\u00edstico en el noreste peninsular, conectando los ejes Atl\u00e1ntico y Mediterr\u00e1neo a trav\u00e9s de\u00a0infraestructuras intermodales modernas, eficientes y sostenibles. Somos una empresa comprometida con el territorio y con la transformaci\u00f3n de la econom\u00eda productiva, que promueve la\u00a0Plataforma Log\u00edstica Intermodal [&hellip;]<\/p>\n","protected":false},"author":2,"featured_media":0,"parent":0,"menu_order":0,"comment_status":"closed","ping_status":"closed","template":"elementor_header_footer","meta":{"_monsterinsights_skip_tracking":false,"_monsterinsights_sitenote_active":false,"_monsterinsights_sitenote_note":"","_monsterinsights_sitenote_category":0,"_uf_show_specific_survey":0,"_uf_disable_surveys":false,"footnotes":""},"class_list":["post-3839","page","type-page","status-publish","hentry"],"_links":{"self":[{"href":"https:\/\/ponentia.eu\/en\/wp-json\/wp\/v2\/pages\/3839","targetHints":{"allow":["GET"]}}],"collection":[{"href":"https:\/\/ponentia.eu\/en\/wp-json\/wp\/v2\/pages"}],"about":[{"href":"https:\/\/ponentia.eu\/en\/wp-json\/wp\/v2\/types\/page"}],"author":[{"embeddable":true,"href":"https:\/\/ponentia.eu\/en\/wp-json\/wp\/v2\/users\/2"}],"replies":[{"embeddable":true,"href":"https:\/\/ponentia.eu\/en\/wp-json\/wp\/v2\/comments?post=3839"}],"version-history":[{"count":119,"href":"https:\/\/ponentia.eu\/en\/wp-json\/wp\/v2\/pages\/3839\/revisions"}],"predecessor-version":[{"id":7205,"href":"https:\/\/ponentia.eu\/en\/wp-json\/wp\/v2\/pages\/3839\/revisions\/7205"}],"wp:attachment":[{"href":"https:\/\/ponentia.eu\/en\/wp-json\/wp\/v2\/media?parent=3839"}],"curies":[{"name":"wp","href":"https:\/\/api.w.org\/{rel}","templated":true}]}}